{"id":264,"date":"2024-05-13T14:36:07","date_gmt":"2024-05-13T17:36:07","guid":{"rendered":"https:\/\/www.brcriacaodesites.com.br\/aea2024\/?page_id=264"},"modified":"2024-05-24T15:33:20","modified_gmt":"2024-05-24T18:33:20","slug":"quem-somos","status":"publish","type":"page","link":"https:\/\/www.aea.org.br\/home\/quem-somos","title":{"rendered":"Quem Somos"},"content":{"rendered":"<h4>A AEA \u2013 Associa\u00e7\u00e3o Brasileira de Engenharia Automotiva\u00a0\u00e9 uma entidade sem fins lucrativos que tem como objetivo ser um f\u00f3rum neutro de discuss\u00e3o sobre quest\u00f5es estrat\u00e9gicas relativas \u00e0 engenharia automotiva nacional com envolvimento direto da ind\u00fastria automotiva, de \u00f3rg\u00e3os governamentais, institui\u00e7\u00f5es de ensino e de pesquisa, entidades internacionais e a sociedade em geral.<\/h4>\n<h4>A entidade conta com um s\u00f3lido hist\u00f3rico de 40 anos de grandes contribui\u00e7\u00f5es para o desenvolvimento da engenharia automotiva e das pol\u00edticas p\u00fablicas do setor, com a a\u00e7\u00e3o sustentada em pilares como conhecimento cient\u00edfico, tecnologia, competitividade, qualidade, autonomia e sustentabilidade.<\/h4>\n<h4>\u00danica associa\u00e7\u00e3o 100% nacional no segmento, hoje a AEA est\u00e1 consolidada no setor automotivo como um centro catalisador de solu\u00e7\u00f5es. Atualmente, a entidade conta com mais de 80 empresas associadas, provenientes de diversos segmentos do setor automotivo que participam ativamente de comiss\u00f5es t\u00e9cnicas, grupos de trabalho, workshops, eventos, cursos e projetos voltados para o desenvolvimento da engenharia automotiva nacional.<\/h4>\n","protected":false},"excerpt":{"rendered":"<p>A AEA \u2013 Associa\u00e7\u00e3o Brasileira de Engenharia Automotiva\u00a0\u00e9 uma entidade sem fins lucrativos que tem como objetivo ser um f\u00f3rum neutro de discuss\u00e3o sobre quest\u00f5es estrat\u00e9gicas relativas \u00e0 engenharia automotiva nacional com envolvimento direto da ind\u00fastria automotiva, de \u00f3rg\u00e3os governamentais, institui\u00e7\u00f5es de ensino e de pesquisa, entidades internacionais e a sociedade em geral. A entidade [&hellip;]<\/p>\n","protected":false},"author":1,"featured_media":347,"parent":0,"menu_order":0,"comment_status":"closed","ping_status":"closed","template":"","meta":{"_acf_changed":false,"footnotes":""},"class_list":["post-264","page","type-page","status-publish","has-post-thumbnail","hentry"],"acf":[],"_links":{"self":[{"href":"https:\/\/www.aea.org.br\/home\/wp-json\/wp\/v2\/pages\/264","targetHints":{"allow":["GET"]}}],"collection":[{"href":"https:\/\/www.aea.org.br\/home\/wp-json\/wp\/v2\/pages"}],"about":[{"href":"https:\/\/www.aea.org.br\/home\/wp-json\/wp\/v2\/types\/page"}],"author":[{"embeddable":true,"href":"https:\/\/www.aea.org.br\/home\/wp-json\/wp\/v2\/users\/1"}],"replies":[{"embeddable":true,"href":"https:\/\/www.aea.org.br\/home\/wp-json\/wp\/v2\/comments?post=264"}],"version-history":[{"count":7,"href":"https:\/\/www.aea.org.br\/home\/wp-json\/wp\/v2\/pages\/264\/revisions"}],"predecessor-version":[{"id":3777,"href":"https:\/\/www.aea.org.br\/home\/wp-json\/wp\/v2\/pages\/264\/revisions\/3777"}],"wp:featuredmedia":[{"embeddable":true,"href":"https:\/\/www.aea.org.br\/home\/wp-json\/wp\/v2\/media\/347"}],"wp:attachment":[{"href":"https:\/\/www.aea.org.br\/home\/wp-json\/wp\/v2\/media?parent=264"}],"curies":[{"name":"wp","href":"https:\/\/api.w.org\/{rel}","templated":true}]}}