{"id":250,"date":"2024-05-13T14:13:19","date_gmt":"2024-05-13T17:13:19","guid":{"rendered":"https:\/\/www.brcriacaodesites.com.br\/aea2024\/?page_id=250"},"modified":"2024-05-13T15:12:24","modified_gmt":"2024-05-13T18:12:24","slug":"cursos-incompany","status":"publish","type":"page","link":"https:\/\/www.aea.org.br\/home\/cursos-incompany","title":{"rendered":"Cursos In Company"},"content":{"rendered":"<p>Os cursos In Company s\u00e3o uma alternativa para as empresas que querem proporcionar um treinamento de alto conte\u00fado t\u00e9cnico para um n\u00famero maior de colaboradores.<\/p>\n<p>Nosso objetivo \u00e9 atender as empresas de acordo com as suas necessidades espec\u00edficas, desenvolvendo conte\u00fados e aplicando treinamentos de maneira \u00fanica e exclusiva. A programa\u00e7\u00e3o \u00e9 desenvolvida pela \u00e1rea de cursos da AEA, com a supervis\u00e3o da diretoria acad\u00eamica da entidade e em conjunto com o pessoal t\u00e9cnico e de recursos humanos da empresa solicitante, o que garante o total atendimento das necessidades de qualifica\u00e7\u00e3o particulares de cada empresa.<\/p>\n<p>Os treinamentos s\u00e3o ministrados exclusivamente aos colaboradores, tanto na estrutura da empresa associada como em outro local determinado, nas datas e hor\u00e1rios que melhor atender a companhia.<\/p>\n<p class=\"green\">Para receber uma proposta de treinamento personalizado, entre em contato conosco por meio do formul\u00e1rio ao lado.<\/p>\n","protected":false},"excerpt":{"rendered":"<p>Os cursos In Company s\u00e3o uma alternativa para as empresas que querem proporcionar um treinamento de alto conte\u00fado t\u00e9cnico para um n\u00famero maior de colaboradores. Nosso objetivo \u00e9 atender as empresas de acordo com as suas necessidades espec\u00edficas, desenvolvendo conte\u00fados e aplicando treinamentos de maneira \u00fanica e exclusiva. A programa\u00e7\u00e3o \u00e9 desenvolvida pela \u00e1rea de [&hellip;]<\/p>\n","protected":false},"author":1,"featured_media":0,"parent":0,"menu_order":0,"comment_status":"closed","ping_status":"closed","template":"","meta":{"_acf_changed":false,"footnotes":""},"class_list":["post-250","page","type-page","status-publish","hentry"],"acf":[],"_links":{"self":[{"href":"https:\/\/www.aea.org.br\/home\/wp-json\/wp\/v2\/pages\/250","targetHints":{"allow":["GET"]}}],"collection":[{"href":"https:\/\/www.aea.org.br\/home\/wp-json\/wp\/v2\/pages"}],"about":[{"href":"https:\/\/www.aea.org.br\/home\/wp-json\/wp\/v2\/types\/page"}],"author":[{"embeddable":true,"href":"https:\/\/www.aea.org.br\/home\/wp-json\/wp\/v2\/users\/1"}],"replies":[{"embeddable":true,"href":"https:\/\/www.aea.org.br\/home\/wp-json\/wp\/v2\/comments?post=250"}],"version-history":[{"count":2,"href":"https:\/\/www.aea.org.br\/home\/wp-json\/wp\/v2\/pages\/250\/revisions"}],"predecessor-version":[{"id":317,"href":"https:\/\/www.aea.org.br\/home\/wp-json\/wp\/v2\/pages\/250\/revisions\/317"}],"wp:attachment":[{"href":"https:\/\/www.aea.org.br\/home\/wp-json\/wp\/v2\/media?parent=250"}],"curies":[{"name":"wp","href":"https:\/\/api.w.org\/{rel}","templated":true}]}}